{"id":30172,"date":"2017-09-04T13:08:54","date_gmt":"2017-09-04T11:08:54","guid":{"rendered":"http:\/\/cori-pwm.pl\/main-page\/"},"modified":"2022-06-29T16:30:23","modified_gmt":"2022-06-29T14:30:23","slug":"main-page","status":"publish","type":"page","link":"https:\/\/cori-pwm.pl\/en\/","title":{"rendered":"Main Page"},"content":{"rendered":"<p>[vc_row full_width=&#8221;stretch_row_content_no_spaces&#8221; css=&#8221;.vc_custom_1496305817866{margin-top: -50px !important;}&#8221;][vc_column][vc_column_text]\n<div id=\"rev_slider_1_1_wrapper\" class=\"rev_slider_wrapper fullwidthbanner-container\" data-source=\"gallery\" style=\"margin:0px auto;background:transparent;padding:0px;margin-top:0px;margin-bottom:0px;\">\n<!-- START REVOLUTION SLIDER 5.4.6.3.1 auto mode -->\n\t<div id=\"rev_slider_1_1\" class=\"rev_slider fullwidthabanner\" style=\"display:none;\" data-version=\"5.4.6.3.1\">\n<ul>\t<!-- SLIDE  -->\n\t<li data-index=\"rs-2\" data-transition=\"fade\" data-slotamount=\"default\" data-hideafterloop=\"0\" data-hideslideonmobile=\"off\"  data-easein=\"default\" data-easeout=\"default\" data-masterspeed=\"300\"  data-rotate=\"0\"  data-saveperformance=\"off\"  data-title=\"Slide\" data-param1=\"\" data-param2=\"\" data-param3=\"\" data-param4=\"\" data-param5=\"\" data-param6=\"\" data-param7=\"\" data-param8=\"\" data-param9=\"\" data-param10=\"\" data-description=\"\">\n\t\t<!-- MAIN IMAGE -->\n\t\t<img decoding=\"async\" src=\"https:\/\/cori-pwm.pl\/wp-content\/uploads\/2017\/06\/IMG_20170620_1.jpg\"  alt=\"oczka banerowe oczka plandekowe\" title=\"oczka-banerowe-oczka-plandekowe\"  width=\"2976\" height=\"2232\" data-bgposition=\"center center\" data-bgfit=\"cover\" data-bgrepeat=\"no-repeat\" class=\"rev-slidebg\" data-no-retina>\n\t\t<!-- LAYERS -->\n\t<\/li>\n\t<!-- SLIDE  -->\n\t<li data-index=\"rs-1\" data-transition=\"fade\" data-slotamount=\"default\" data-hideafterloop=\"0\" data-hideslideonmobile=\"off\"  data-easein=\"default\" data-easeout=\"default\" data-masterspeed=\"300\"  data-rotate=\"0\"  data-saveperformance=\"off\"  data-title=\"Slide\" data-param1=\"\" data-param2=\"\" data-param3=\"\" data-param4=\"\" data-param5=\"\" data-param6=\"\" data-param7=\"\" data-param8=\"\" data-param9=\"\" data-param10=\"\" data-description=\"\">\n\t\t<!-- MAIN IMAGE -->\n\t\t<img decoding=\"async\" src=\"https:\/\/cori-pwm.pl\/wp-content\/uploads\/2017\/06\/IMG_20170620_2.jpg\"  alt=\"\"  width=\"2976\" height=\"2232\" data-bgposition=\"center center\" data-bgfit=\"cover\" data-bgrepeat=\"no-repeat\" class=\"rev-slidebg\" data-no-retina>\n\t\t<!-- LAYERS -->\n\t<\/li>\n\t<!-- SLIDE  -->\n\t<li data-index=\"rs-3\" data-transition=\"fade\" data-slotamount=\"default\" data-hideafterloop=\"0\" data-hideslideonmobile=\"off\"  data-easein=\"default\" data-easeout=\"default\" data-masterspeed=\"300\"  data-rotate=\"0\"  data-saveperformance=\"off\"  data-title=\"Slide\" data-param1=\"\" data-param2=\"\" data-param3=\"\" data-param4=\"\" data-param5=\"\" data-param6=\"\" data-param7=\"\" data-param8=\"\" data-param9=\"\" data-param10=\"\" data-description=\"\">\n\t\t<!-- MAIN IMAGE -->\n\t\t<img decoding=\"async\" src=\"https:\/\/cori-pwm.pl\/wp-content\/uploads\/2017\/06\/IMG_20170620_3.jpg\"  alt=\"p\u00f3\u0142k\u00f3\u0142ka z drutu D-ring\" title=\"polkolka-z-drutu-D-ring\"  width=\"2500\" height=\"1875\" data-bgposition=\"center center\" data-bgfit=\"cover\" data-bgrepeat=\"no-repeat\" class=\"rev-slidebg\" data-no-retina>\n\t\t<!-- LAYERS -->\n\t<\/li>\n<\/ul>\n<div class=\"tp-bannertimer tp-bottom\" style=\"visibility: hidden !important;\"><\/div>\t<\/div>\n<script>var htmlDiv = document.getElementById(\"rs-plugin-settings-inline-css\"); var htmlDivCss=\"\";\r\n\t\t\t\tif(htmlDiv) {\r\n\t\t\t\t\thtmlDiv.innerHTML = htmlDiv.innerHTML + htmlDivCss;\r\n\t\t\t\t}else{\r\n\t\t\t\t\tvar htmlDiv = document.createElement(\"div\");\r\n\t\t\t\t\thtmlDiv.innerHTML = \"<style>\" + htmlDivCss + \"<\/style>\";\r\n\t\t\t\t\tdocument.getElementsByTagName(\"head\")[0].appendChild(htmlDiv.childNodes[0]);\r\n\t\t\t\t}\r\n\t\t\t<\/script>\n\t\t<script type=\"text\/javascript\">\r\nsetREVStartSize({c: jQuery('#rev_slider_1_1'), gridwidth: [1240], gridheight: [350], sliderLayout: 'auto'});\r\n\t\t\t\r\nvar revapi1,\r\n\ttpj=jQuery;\r\n\t\t\t\r\ntpj(document).ready(function() {\n\tif(tpj(\"#rev_slider_1_1\").revolution == undefined){\n\t\trevslider_showDoubleJqueryError(\"#rev_slider_1_1\");\n\t}else{\n\t\trevapi1 = tpj(\"#rev_slider_1_1\").show().revolution({\n\t\t\tsliderType:\"standard\",\n\t\t\tjsFileLocation:\"\/\/cori-pwm.pl\/wp-content\/plugins\/revslider\/public\/assets\/js\/\",\n\t\t\tsliderLayout:\"auto\",\n\t\t\tdottedOverlay:\"none\",\n\t\t\tdelay:9000,\n\t\t\tnavigation: {\n\t\t\t\tonHoverStop:\"off\",\n\t\t\t},\n\t\t\tvisibilityLevels:[1240,1024,778,480],\n\t\t\tgridwidth:1240,\n\t\t\tgridheight:350,\n\t\t\tlazyType:\"none\",\n\t\t\tshadow:0,\n\t\t\tspinner:\"spinner0\",\n\t\t\tstopLoop:\"off\",\n\t\t\tstopAfterLoops:-1,\n\t\t\tstopAtSlide:-1,\n\t\t\tshuffle:\"off\",\n\t\t\tautoHeight:\"off\",\n\t\t\tdisableProgressBar:\"on\",\n\t\t\thideThumbsOnMobile:\"off\",\n\t\t\thideSliderAtLimit:0,\n\t\t\thideCaptionAtLimit:0,\n\t\t\thideAllCaptionAtLilmit:0,\n\t\t\tdebugMode:false,\n\t\t\tfallbacks: {\n\t\t\t\tsimplifyAll:\"off\",\n\t\t\t\tnextSlideOnWindowFocus:\"off\",\n\t\t\t\tdisableFocusListener:false,\n\t\t\t}\n\t\t});\n\t}\n\t\n});\t\/*ready*\/\n<\/script>\r\n\t\t<\/div><!-- END REVOLUTION SLIDER -->[\/vc_column_text][\/vc_column][\/vc_row][vc_row full_width=&#8221;stretch_row_content_no_spaces&#8221; full_height=&#8221;yes&#8221; columns_placement=&#8221;stretch&#8221; equal_height=&#8221;yes&#8221; css=&#8221;.vc_custom_1507022208160{padding-right: 1% !important;padding-left: 1% !important;}&#8221;][vc_column][vc_row_inner content_placement=&#8221;middle&#8221; gap=&#8221;20&#8243;][vc_column_inner width=&#8221;1\/2&#8243;][interective_banner effects=&#8221;effect-bubba&#8221; url=&#8221;#&#8221; titlesize=&#8221;&#8221; clr=&#8221;#ffffff&#8221; title=&#8221;METAL EYELETS \/ STAPLES&#8221; desc=&#8221;metal eyelet for banners, canvas covers, nets, sails, clothing and lether products<br \/>\ntools and eyeleting machines<br \/>\nmetal elements for canvas covers<br \/>\nelastic cables, PPF ropes<br \/>\nLOXX \/ TENAX fasteners&#8221; image_id=&#8221;29296&#8243; height=&#8221;600&#8243; bgclr=&#8221;#e8e800&#8243;][\/vc_column_inner][vc_column_inner width=&#8221;1\/2&#8243;][interective_banner effects=&#8221;effect-bubba&#8221; url=&#8221;#&#8221; titlesize=&#8221;&#8221; clr=&#8221;#ffffff&#8221; title=&#8221;METAL RINGS, HOOKS, CLAMPS&#8221; desc=&#8221;D-ring<br \/>\nwire frame<br \/>\nbuckles \/ regulators<br \/>\ncarabiner snap hooks&#8221; image_id=&#8221;30140&#8243; height=&#8221;600&#8243; bgclr=&#8221;#757575&#8243;][\/vc_column_inner][vc_column_inner width=&#8221;1\/2&#8243;][interective_banner effects=&#8221;effect-bubba&#8221; url=&#8221;#&#8221; titlesize=&#8221;&#8221; clr=&#8221;#ffffff&#8221; title=&#8221;CAMPING ARTICLES&#8221; desc=&#8221;frames for caravan awnings, tents &#8211; steel and aluminium<br \/>\npoles, pole sortyment to end and connect<br \/>\nequipment for tents and caravan awnings &#8211; pins, pegs, pulling ropes, tighteners<br \/>\ntent impregnants &#8211; waterproof spray, seam sealer&#8221; image_id=&#8221;29299&#8243; height=&#8221;600&#8243; bgclr=&#8221;#056800&#8243;][\/vc_column_inner][vc_column_inner width=&#8221;1\/2&#8243;][interective_banner effects=&#8221;effect-bubba&#8221; url=&#8221;#&#8221; titlesize=&#8221;&#8221; clr=&#8221;#ffffff&#8221; title=&#8221;BACKPACK FRAMES&#8221; desc=&#8221;backpack external aluminium pole frames<br \/>\ninternal aluminium and steel stiffeners for backpack, bags and orthopaedic sortiment<br \/>\nelements to fasten backpack to the frame<br \/>\nmetal equipment for military and scout backpacks&#8221; image_id=&#8221;30334&#8243; height=&#8221;600&#8243; bgclr=&#8221;#0015ba&#8221;][\/vc_column_inner][vc_column_inner width=&#8221;1\/2&#8243;][interective_banner effects=&#8221;effect-bubba&#8221; url=&#8221;#&#8221; titlesize=&#8221;&#8221; clr=&#8221;#ffffff&#8221; title=&#8221;DISPLAYS &#8211; ADVERT FRAMES&#8221; desc=&#8221;pole flag system &#8211; winder \/ batfun \/ beach flag<br \/>\npole advert construction \/ table tennis band<br \/>\nbannerfastening sticks&#8221; image_id=&#8221;29302&#8243; height=&#8221;600&#8243; bgclr=&#8221;#e50000&#8243;][\/vc_column_inner][vc_column_inner width=&#8221;1\/2&#8243;][interective_banner effects=&#8221;effect-bubba&#8221; url=&#8221;#&#8221; titlesize=&#8221;&#8221; clr=&#8221;#ffffff&#8221; title=&#8221;SPECIAL PRODUCTION&#8221; desc=&#8221;bent-wire products<br \/>\nboat-tubbing &#8211; aluminium and stainless steel<br \/>\nspecial production on power press&#8221; image_id=&#8221;30338&#8243; height=&#8221;600&#8243; bgclr=&#8221;#000000&#8243;][\/vc_column_inner][\/vc_row_inner][\/vc_column][\/vc_row][vc_row full_width=&#8221;stretch_row_content&#8221; css=&#8221;.vc_custom_1501144969966{margin-bottom: -12% !important;background-color: #3f3f3f !important;}&#8221;][vc_column][vc_row_inner][vc_column_inner width=&#8221;1\/3&#8243; css=&#8221;.vc_custom_1494405989963{padding-left: 100px !important;}&#8221;][vc_custom_heading text=&#8221;CONTACT&#8221; font_container=&#8221;tag:h6|text_align:justify|color:%23fcfcfc&#8221; use_theme_fonts=&#8221;yes&#8221;][vc_empty_space height=&#8221;50px&#8221;]<div class=\"gem-icon-with-text gem-icon-with-text-icon-size-small\"><div style=\"margin-bottom:0px;margin-top:0px; \" class=\"gem-icon-with-text-icon\"><div class=\"gem-icon gem-icon-pack-elegant gem-icon-size-small  gem-icon-shape-square gem-simple-icon\" style=\"opacity: 1;\"><div class=\"gem-icon-inner\" style=\"\"><span class=\"gem-icon-half-1\" style=\"color: #b5b5b5;\"><span class=\"back-angle\">&#xe01d;<\/span><\/span><span class=\"gem-icon-half-2\" style=\"color: #b5b5b5;\"><span class=\"back-angle\">&#xe01d;<\/span><\/span><\/div><\/div><\/div><div class=\"gem-icon-with-text-content\" ><div class=\"gem-icon-with-text-text\">[vc_column_text]<span style=\"color: #999999;\">ul. Limanowskiego 111 A, 91-334 \u0141\u00f3d\u017a<\/span>[\/vc_column_text]<\/div><\/div><div class=\"clearboth\"><\/div><\/div>[vc_separator color=&#8221;custom&#8221; align=&#8221;align_left&#8221; accent_color=&#8221;#6d6d6d&#8221;][vc_empty_space height=&#8221;20px&#8221;]<div class=\"gem-icon-with-text gem-icon-with-text-icon-size-small\"><div style=\"margin-bottom:0px;margin-top:0px; \" class=\"gem-icon-with-text-icon\"><div class=\"gem-icon gem-icon-pack-elegant gem-icon-size-small  gem-icon-shape-square gem-simple-icon\" style=\"opacity: 1;\"><div class=\"gem-icon-inner\" style=\"\"><span class=\"gem-icon-half-1\" style=\"color: #b5b5b5;\"><span class=\"back-angle\">&#xe090;<\/span><\/span><span class=\"gem-icon-half-2\" style=\"color: #b5b5b5;\"><span class=\"back-angle\">&#xe090;<\/span><\/span><\/div><\/div><\/div><div class=\"gem-icon-with-text-content\" ><div class=\"gem-icon-with-text-text\">[vc_column_text]<span style=\"color: #999999;\">42 651 2881<\/span>[\/vc_column_text]<\/div><\/div><div class=\"clearboth\"><\/div><\/div>[vc_empty_space height=&#8221;20px&#8221;]<div class=\"gem-icon-with-text gem-icon-with-text-icon-size-small\"><div style=\"margin-bottom:0px;margin-top:0px; \" class=\"gem-icon-with-text-icon\"><div class=\"gem-icon gem-icon-pack-elegant gem-icon-size-small  gem-icon-shape-square gem-simple-icon\" style=\"opacity: 1;\"><div class=\"gem-icon-inner\" style=\"\"><span class=\"gem-icon-half-1\" style=\"color: #b5b5b5;\"><span class=\"back-angle\">&#xe090;<\/span><\/span><span class=\"gem-icon-half-2\" style=\"color: #b5b5b5;\"><span class=\"back-angle\">&#xe090;<\/span><\/span><\/div><\/div><\/div><div class=\"gem-icon-with-text-content\" ><div class=\"gem-icon-with-text-text\">[vc_column_text]<span style=\"color: #999999;\">603 780 055<\/span>[\/vc_column_text]<\/div><\/div><div class=\"clearboth\"><\/div><\/div>[vc_empty_space height=&#8221;20px&#8221;]<div class=\"gem-icon-with-text gem-icon-with-text-icon-size-small\"><div style=\"margin-bottom:0px;margin-top:0px; \" class=\"gem-icon-with-text-icon\"><div class=\"gem-icon gem-icon-pack-elegant gem-icon-size-small  gem-icon-shape-square gem-simple-icon\" style=\"opacity: 1;\"><div class=\"gem-icon-inner\" style=\"\"><span class=\"gem-icon-half-1\" style=\"color: #b5b5b5;\"><span class=\"back-angle\">&#xe090;<\/span><\/span><span class=\"gem-icon-half-2\" style=\"color: #b5b5b5;\"><span class=\"back-angle\">&#xe090;<\/span><\/span><\/div><\/div><\/div><div class=\"gem-icon-with-text-content\" ><div class=\"gem-icon-with-text-text\">[vc_column_text]<span style=\"color: #999999;\">695 785 777<\/span>[\/vc_column_text]<\/div><\/div><div class=\"clearboth\"><\/div><\/div>[vc_separator color=&#8221;custom&#8221; align=&#8221;align_left&#8221; accent_color=&#8221;#6d6d6d&#8221;][vc_empty_space height=&#8221;20px&#8221;]<div class=\"gem-icon-with-text gem-icon-with-text-icon-size-small\"><div style=\"margin-bottom:0px;margin-top:0px; \" class=\"gem-icon-with-text-icon\"><div class=\"gem-icon gem-icon-pack-elegant gem-icon-size-small  gem-icon-shape-square gem-simple-icon\" style=\"opacity: 1;\"><div class=\"gem-icon-inner\" style=\"\"><span class=\"gem-icon-half-1\" style=\"color: #b5b5b5;\"><span class=\"back-angle\">&#xe010;<\/span><\/span><span class=\"gem-icon-half-2\" style=\"color: #b5b5b5;\"><span class=\"back-angle\">&#xe010;<\/span><\/span><\/div><\/div><\/div><div class=\"gem-icon-with-text-content\" ><div class=\"gem-icon-with-text-text\">[vc_column_text]<span style=\"color: #999999;\">biuro@cori-pwm.pl<\/span>[\/vc_column_text]<\/div><\/div><div class=\"clearboth\"><\/div><\/div>[\/vc_column_inner][vc_column_inner width=&#8221;1\/3&#8243;][vc_custom_heading text=&#8221;ADDRESS&#8221; font_container=&#8221;tag:h6|text_align:justify|color:%23fcfcfc&#8221; use_theme_fonts=&#8221;yes&#8221;][vc_column_text]<iframe style=\"border: 0;\" src=\"https:\/\/www.google.com\/maps\/embed?pb=!1m18!1m12!1m3!1d2467.8788175731183!2d19.43000971578038!3d51.79010097968263!2m3!1f0!2f0!3f0!3m2!1i1024!2i768!4f13.1!3m3!1m2!1s0x471bb4c05a9f52f3%3A0xcdc6b91a42737db9!2sCORI+-+PWM+%2F+Producent+wyrob%C3%B3w+metalowych!5e0!3m2!1spl!2spl!4v1494408753784\" width=\"400\" height=\"480\" frameborder=\"0\" allowfullscreen=\"allowfullscreen\"><\/iframe>[\/vc_column_text][\/vc_column_inner][vc_column_inner width=&#8221;1\/3&#8243; css=&#8221;.vc_custom_1494409401269{padding-right: 110px !important;}&#8221;][vc_custom_heading text=&#8221;WRITE TO US&#8221; font_container=&#8221;tag:h6|text_align:justify|color:%23fcfcfc&#8221; use_theme_fonts=&#8221;yes&#8221;][vc_column_text]\n<div class=\"wpcf7 no-js\" id=\"wpcf7-f30197-o1\" lang=\"en-US\" dir=\"ltr\" data-wpcf7-id=\"30197\">\n<div class=\"screen-reader-response\"><p role=\"status\" aria-live=\"polite\" aria-atomic=\"true\"><\/p> <ul><\/ul><\/div>\n<form action=\"\/en\/wp-json\/wp\/v2\/pages\/30172#wpcf7-f30197-o1\" method=\"post\" class=\"wpcf7-form init\" aria-label=\"Contact form\" novalidate=\"novalidate\" data-status=\"init\">\n<div style=\"display: none;\">\n<input type=\"hidden\" name=\"_wpcf7\" value=\"30197\" \/>\n<input type=\"hidden\" name=\"_wpcf7_version\" value=\"6.0.6\" \/>\n<input type=\"hidden\" name=\"_wpcf7_locale\" value=\"en_US\" \/>\n<input type=\"hidden\" name=\"_wpcf7_unit_tag\" value=\"wpcf7-f30197-o1\" \/>\n<input type=\"hidden\" name=\"_wpcf7_container_post\" value=\"0\" \/>\n<input type=\"hidden\" name=\"_wpcf7_posted_data_hash\" value=\"\" \/>\n<input type=\"hidden\" name=\"_wpcf7_recaptcha_response\" value=\"\" \/>\n<\/div>\n<div class='form-sidebar'>\n\t<p><span class=\"wpcf7-form-control-wrap\" data-name=\"your-name\"><input size=\"40\" maxlength=\"400\" class=\"wpcf7-form-control wpcf7-text wpcf7-validates-as-required\" aria-required=\"true\" aria-invalid=\"false\" placeholder=\"Name*\" value=\"\" type=\"text\" name=\"your-name\" \/><\/span>\n\t<\/p>\n\t<p><span class=\"wpcf7-form-control-wrap\" data-name=\"your-subject\"><input size=\"40\" maxlength=\"400\" class=\"wpcf7-form-control wpcf7-text wpcf7-validates-as-required\" aria-required=\"true\" aria-invalid=\"false\" placeholder=\"Subject*\" value=\"\" type=\"text\" name=\"your-subject\" \/><\/span>\n\t<\/p>\n\t<p><span class=\"wpcf7-form-control-wrap\" data-name=\"email\"><input size=\"40\" maxlength=\"400\" class=\"wpcf7-form-control wpcf7-email wpcf7-validates-as-required wpcf7-text wpcf7-validates-as-email\" aria-required=\"true\" aria-invalid=\"false\" placeholder=\"Email*\" value=\"\" type=\"email\" name=\"email\" \/><\/span>\n\t<\/p>\n\t<p><span class=\"wpcf7-form-control-wrap\" data-name=\"your-message\"><textarea cols=\"40\" rows=\"6\" maxlength=\"2000\" class=\"wpcf7-form-control wpcf7-textarea wpcf7-validates-as-required\" aria-required=\"true\" aria-invalid=\"false\" placeholder=\"Message*\" name=\"your-message\"><\/textarea><\/span>\n\t<\/p>\n\t<p><span class=\"wpcf7-form-control-wrap\" data-name=\"acceptance-709\"><span class=\"wpcf7-form-control wpcf7-acceptance\"><span class=\"wpcf7-list-item\"><label><input type=\"checkbox\" name=\"acceptance-709\" value=\"1\" aria-invalid=\"false\" \/><span class=\"wpcf7-list-item-label\"><font size=\"1\">Wyra\u017cam zgod\u0119 na przetwarzanie podanych przeze mnie danych przez   Cori-PWM, ul. Romanowska 55A\/28 91-174, \u0141\u00f3d\u017a w celu realizacji przes\u0142anego przeze mnie zg\u0142oszenia kontaktowego<\/font><\/span><\/label><\/span><\/span><\/span>\n\t<\/p>\n<span class=\"wpcf7-form-control-wrap recaptcha\" data-name=\"recaptcha\"><span data-sitekey=\"6LdXWnEaAAAAAIy1l-XdpRLF7i2HsFONV1TFjHzn\" class=\"wpcf7-form-control wpcf7-recaptcha g-recaptcha\"><\/span>\r\n<noscript>\r\n\t<div class=\"grecaptcha-noscript\">\r\n\t\t<iframe src=\"https:\/\/www.google.com\/recaptcha\/api\/fallback?k=6LdXWnEaAAAAAIy1l-XdpRLF7i2HsFONV1TFjHzn\" frameborder=\"0\" scrolling=\"no\" width=\"310\" height=\"430\">\r\n\t\t<\/iframe>\r\n\t\t<textarea name=\"g-recaptcha-response\" rows=\"3\" cols=\"40\" placeholder=\"reCaptcha Response Here\">\r\n\t\t<\/textarea>\r\n\t<\/div>\r\n<\/noscript>\r\n<\/span>\n\t<p><input class=\"wpcf7-form-control wpcf7-submit has-spinner\" type=\"submit\" value=\"Send\" \/>\n\t<\/p>\n<\/div><div class=\"wpcf7-response-output\" aria-hidden=\"true\"><\/div>\n<\/form>\n<\/div>\n[\/vc_column_text][\/vc_column_inner][\/vc_row_inner][\/vc_column][\/vc_row]<\/p>\n","protected":false},"excerpt":{"rendered":"<p>[vc_row full_width=&#8221;stretch_row_content_no_spaces&#8221; css=&#8221;.vc_custom_1496305817866{margin-top: -50px !important;}&#8221;][vc_column][vc_column_text][\/vc_column_text][\/vc_column][\/vc_row][vc_row full_width=&#8221;stretch_row_content_no_spaces&#8221; full_height=&#8221;yes&#8221; columns_placement=&#8221;stretch&#8221; equal_height=&#8221;yes&#8221; css=&#8221;.vc_custom_1507022208160{padding-right: 1% !important;padding-left: 1% !important;}&#8221;][vc_column][vc_row_inner content_placement=&#8221;middle&#8221; gap=&#8221;20&#8243;][vc_column_inner width=&#8221;1\/2&#8243;][interective_banner effects=&#8221;effect-bubba&#8221; url=&#8221;#&#8221; titlesize=&#8221;&#8221;&#8230;<\/p>\n","protected":false},"author":3,"featured_media":0,"parent":0,"menu_order":0,"comment_status":"closed","ping_status":"closed","template":"","meta":{"_exactmetrics_skip_tracking":false,"_exactmetrics_sitenote_active":false,"_exactmetrics_sitenote_note":"","_exactmetrics_sitenote_category":0,"footnotes":""},"class_list":["post-30172","page","type-page","status-publish","hentry"],"yoast_head":"<!-- This site is optimized with the Yoast SEO plugin v25.2 - https:\/\/yoast.com\/wordpress\/plugins\/seo\/ -->\n<title>Main Page - CORI<\/title>\n<meta name=\"robots\" content=\"index, follow, max-snippet:-1, max-image-preview:large, max-video-preview:-1\" \/>\n<link rel=\"canonical\" href=\"https:\/\/cori-pwm.pl\/en\/\" \/>\n<meta property=\"og:locale\" content=\"en_US\" \/>\n<meta property=\"og:type\" content=\"article\" \/>\n<meta property=\"og:title\" content=\"Main Page - CORI\" \/>\n<meta property=\"og:description\" content=\"[vc_row full_width=&#8221;stretch_row_content_no_spaces&#8221; css=&#8221;.vc_custom_1496305817866{margin-top: -50px !important;}&#8221;][vc_column][vc_column_text][\/vc_column_text][\/vc_column][\/vc_row][vc_row full_width=&#8221;stretch_row_content_no_spaces&#8221; full_height=&#8221;yes&#8221; columns_placement=&#8221;stretch&#8221; equal_height=&#8221;yes&#8221; css=&#8221;.vc_custom_1507022208160{padding-right: 1% !important;padding-left: 1% !important;}&#8221;][vc_column][vc_row_inner content_placement=&#8221;middle&#8221; gap=&#8221;20&#8243;][vc_column_inner width=&#8221;1\/2&#8243;][interective_banner effects=&#8221;effect-bubba&#8221; url=&#8221;#&#8221; titlesize=&#8221;&#8221;...\" \/>\n<meta property=\"og:url\" content=\"https:\/\/cori-pwm.pl\/en\/\" \/>\n<meta property=\"og:site_name\" content=\"CORI\" \/>\n<meta property=\"article:modified_time\" content=\"2022-06-29T14:30:23+00:00\" \/>\n<meta name=\"twitter:card\" content=\"summary_large_image\" \/>\n<meta name=\"twitter:label1\" content=\"Est. reading time\" \/>\n\t<meta name=\"twitter:data1\" content=\"2 minutes\" \/>\n<script type=\"application\/ld+json\" class=\"yoast-schema-graph\">{\"@context\":\"https:\/\/schema.org\",\"@graph\":[{\"@type\":\"WebPage\",\"@id\":\"https:\/\/cori-pwm.pl\/en\/\",\"url\":\"https:\/\/cori-pwm.pl\/en\/\",\"name\":\"Main Page - CORI\",\"isPartOf\":{\"@id\":\"https:\/\/cori-pwm.pl\/#website\"},\"datePublished\":\"2017-09-04T11:08:54+00:00\",\"dateModified\":\"2022-06-29T14:30:23+00:00\",\"breadcrumb\":{\"@id\":\"https:\/\/cori-pwm.pl\/en\/#breadcrumb\"},\"inLanguage\":\"en-US\",\"potentialAction\":[{\"@type\":\"ReadAction\",\"target\":[\"https:\/\/cori-pwm.pl\/en\/\"]}]},{\"@type\":\"BreadcrumbList\",\"@id\":\"https:\/\/cori-pwm.pl\/en\/#breadcrumb\",\"itemListElement\":[{\"@type\":\"ListItem\",\"position\":1,\"name\":\"Strona g\u0142\u00f3wna\",\"item\":\"https:\/\/cori-pwm.pl\/en\/\"},{\"@type\":\"ListItem\",\"position\":2,\"name\":\"Main Page\"}]},{\"@type\":\"WebSite\",\"@id\":\"https:\/\/cori-pwm.pl\/#website\",\"url\":\"https:\/\/cori-pwm.pl\/\",\"name\":\"CORI\",\"description\":\"CORI-PWM \/ Producent wyrob\u00f3w metalowych \/ CORI \u00ae Eyelet: oczka banerowe, oczka plandekowe, oczka metalowe do \u017cagli, kaletnictwa, zas\u0142on, kotar, okuwacze, zakuwaki, wycinaki, oczkarki, okucia plandekowe, zapi\u0119cia zatrzaskowe TENAX \/ LOXX; CORI \u00ae Gal: galanteria metalowa - ramki, p\u00f3\u0142k\u00f3\u0142ka, D-ring z drutu, klamry, regulatory, karabi\u0144czyki; CORI \u00ae Camp: stela\u017ce przedsionk\u00f3w przyczep kempingowych, stela\u017ce namiot\u00f3w, \u015bledzie namiotowe, szpilki namiotowe; CORI \u00ae BackFrame: stela\u017ce plecak\u00f3w; CORI \u00ae Ad: maszty flag, stela\u017ce reklamowe; CORI \u00ae PWM: produkcja specjalna - wyroby gi\u0119te z drutu, konstrukcje \u017ceglarskie z rur - bimini, szprycbudy, relingi, us\u0142ugowa produkcja na prasach. Zapraszamy.\",\"potentialAction\":[{\"@type\":\"SearchAction\",\"target\":{\"@type\":\"EntryPoint\",\"urlTemplate\":\"https:\/\/cori-pwm.pl\/?s={search_term_string}\"},\"query-input\":{\"@type\":\"PropertyValueSpecification\",\"valueRequired\":true,\"valueName\":\"search_term_string\"}}],\"inLanguage\":\"en-US\"}]}<\/script>\n<!-- \/ Yoast SEO plugin. -->","yoast_head_json":{"title":"Main Page - CORI","robots":{"index":"index","follow":"follow","max-snippet":"max-snippet:-1","max-image-preview":"max-image-preview:large","max-video-preview":"max-video-preview:-1"},"canonical":"https:\/\/cori-pwm.pl\/en\/","og_locale":"en_US","og_type":"article","og_title":"Main Page - CORI","og_description":"[vc_row full_width=&#8221;stretch_row_content_no_spaces&#8221; css=&#8221;.vc_custom_1496305817866{margin-top: -50px !important;}&#8221;][vc_column][vc_column_text][\/vc_column_text][\/vc_column][\/vc_row][vc_row full_width=&#8221;stretch_row_content_no_spaces&#8221; full_height=&#8221;yes&#8221; columns_placement=&#8221;stretch&#8221; equal_height=&#8221;yes&#8221; css=&#8221;.vc_custom_1507022208160{padding-right: 1% !important;padding-left: 1% !important;}&#8221;][vc_column][vc_row_inner content_placement=&#8221;middle&#8221; gap=&#8221;20&#8243;][vc_column_inner width=&#8221;1\/2&#8243;][interective_banner effects=&#8221;effect-bubba&#8221; url=&#8221;#&#8221; titlesize=&#8221;&#8221;...","og_url":"https:\/\/cori-pwm.pl\/en\/","og_site_name":"CORI","article_modified_time":"2022-06-29T14:30:23+00:00","twitter_card":"summary_large_image","twitter_misc":{"Est. reading time":"2 minutes"},"schema":{"@context":"https:\/\/schema.org","@graph":[{"@type":"WebPage","@id":"https:\/\/cori-pwm.pl\/en\/","url":"https:\/\/cori-pwm.pl\/en\/","name":"Main Page - CORI","isPartOf":{"@id":"https:\/\/cori-pwm.pl\/#website"},"datePublished":"2017-09-04T11:08:54+00:00","dateModified":"2022-06-29T14:30:23+00:00","breadcrumb":{"@id":"https:\/\/cori-pwm.pl\/en\/#breadcrumb"},"inLanguage":"en-US","potentialAction":[{"@type":"ReadAction","target":["https:\/\/cori-pwm.pl\/en\/"]}]},{"@type":"BreadcrumbList","@id":"https:\/\/cori-pwm.pl\/en\/#breadcrumb","itemListElement":[{"@type":"ListItem","position":1,"name":"Strona g\u0142\u00f3wna","item":"https:\/\/cori-pwm.pl\/en\/"},{"@type":"ListItem","position":2,"name":"Main Page"}]},{"@type":"WebSite","@id":"https:\/\/cori-pwm.pl\/#website","url":"https:\/\/cori-pwm.pl\/","name":"CORI","description":"CORI-PWM \/ Producent wyrob\u00f3w metalowych \/ CORI \u00ae Eyelet: oczka banerowe, oczka plandekowe, oczka metalowe do \u017cagli, kaletnictwa, zas\u0142on, kotar, okuwacze, zakuwaki, wycinaki, oczkarki, okucia plandekowe, zapi\u0119cia zatrzaskowe TENAX \/ LOXX; CORI \u00ae Gal: galanteria metalowa - ramki, p\u00f3\u0142k\u00f3\u0142ka, D-ring z drutu, klamry, regulatory, karabi\u0144czyki; CORI \u00ae Camp: stela\u017ce przedsionk\u00f3w przyczep kempingowych, stela\u017ce namiot\u00f3w, \u015bledzie namiotowe, szpilki namiotowe; CORI \u00ae BackFrame: stela\u017ce plecak\u00f3w; CORI \u00ae Ad: maszty flag, stela\u017ce reklamowe; CORI \u00ae PWM: produkcja specjalna - wyroby gi\u0119te z drutu, konstrukcje \u017ceglarskie z rur - bimini, szprycbudy, relingi, us\u0142ugowa produkcja na prasach. Zapraszamy.","potentialAction":[{"@type":"SearchAction","target":{"@type":"EntryPoint","urlTemplate":"https:\/\/cori-pwm.pl\/?s={search_term_string}"},"query-input":{"@type":"PropertyValueSpecification","valueRequired":true,"valueName":"search_term_string"}}],"inLanguage":"en-US"}]}},"_links":{"self":[{"href":"https:\/\/cori-pwm.pl\/en\/wp-json\/wp\/v2\/pages\/30172"}],"collection":[{"href":"https:\/\/cori-pwm.pl\/en\/wp-json\/wp\/v2\/pages"}],"about":[{"href":"https:\/\/cori-pwm.pl\/en\/wp-json\/wp\/v2\/types\/page"}],"author":[{"embeddable":true,"href":"https:\/\/cori-pwm.pl\/en\/wp-json\/wp\/v2\/users\/3"}],"replies":[{"embeddable":true,"href":"https:\/\/cori-pwm.pl\/en\/wp-json\/wp\/v2\/comments?post=30172"}],"version-history":[{"count":5,"href":"https:\/\/cori-pwm.pl\/en\/wp-json\/wp\/v2\/pages\/30172\/revisions"}],"predecessor-version":[{"id":30687,"href":"https:\/\/cori-pwm.pl\/en\/wp-json\/wp\/v2\/pages\/30172\/revisions\/30687"}],"wp:attachment":[{"href":"https:\/\/cori-pwm.pl\/en\/wp-json\/wp\/v2\/media?parent=30172"}],"curies":[{"name":"wp","href":"https:\/\/api.w.org\/{rel}","templated":true}]}}