{"id":30150,"date":"2017-08-04T14:57:12","date_gmt":"2017-08-04T12:57:12","guid":{"rendered":"http:\/\/cori.tworzona.pl\/o-nas\/"},"modified":"2017-10-05T14:21:39","modified_gmt":"2017-10-05T12:21:39","slug":"o-nas","status":"publish","type":"page","link":"https:\/\/cori-pwm.pl\/en\/o-nas\/","title":{"rendered":"About Us"},"content":{"rendered":"<p>[vc_row full_width=&#8221;stretch_row_content_no_spaces&#8221;][vc_column][vc_column_text css=&#8221;.vc_custom_1504517447008{margin-right: 50px !important;margin-left: 50px !important;}&#8221;]<\/p>\n<p style=\"text-align: justify;\">Our company <strong>CORI-PWM \u00ae<\/strong> was founded in Lodz in 1991. We specialize in production in the field of metal ware.<\/p>\n<p style=\"text-align: justify;\">Years of experience in the branch as well as the possessed machines and tools enable not only the fluent producion of the hithero range to fulfil the customers needs, but they also make the developement possible by constant widening of the sortiment.<\/p>\n<p style=\"text-align: justify;\">On each production stage we take great care of the high quality of offered products.<\/p>\n<p>[\/vc_column_text][vc_empty_space][vc_single_image image=&#8221;28715&#8243; img_size=&#8221;full&#8221; alignment=&#8221;center&#8221; style=&#8221;vc_box_shadow_border&#8221;][vc_empty_space][vc_column_text css=&#8221;.vc_custom_1504517494991{margin-right: 50px !important;margin-left: 50px !important;}&#8221;]<\/p>\n<p style=\"text-align: justify;\"><strong>CORI-PWM \u00ae<\/strong> is not only the name of our company but also registered trade mark of the goods we produce.<\/p>\n<p style=\"text-align: justify;\">We offer products in the following brands:<\/p>\n<p>[\/vc_column_text][vc_row_inner][vc_column_inner][vc_empty_space][\/vc_column_inner][\/vc_row_inner][vc_row_inner gap=&#8221;10&#8243;][vc_column_inner width=&#8221;1\/3&#8243;][vc_custom_heading text=&#8221;CORI \u00ae Eyelet&#8221; font_container=&#8221;tag:h5|text_align:center|color:%23000156&#8243; use_theme_fonts=&#8221;yes&#8221; css=&#8221;.vc_custom_1499434666866{padding-left: 10% !important;}&#8221;][interective_banner effects=&#8221;effect-bubba&#8221; url=&#8221;#&#8221; title=&#8221;METAL EYELETS \/ STAPLES&#8221; titlesize=&#8221;26px&#8221; desc=&#8221;metal eyelet for banners, canvas covers, nets, sails, clothing and lether products<br \/>\ntools and eyeleting machines<br \/>\nmetal elements for canvas covers<br \/>\nelastic cables, PPF ropes<br \/>\nLOXX \/ TENAX fasteners&#8221; clr=&#8221;#ffffff&#8221; image_id=&#8221;29296&#8243; height=&#8221;300&#8243; bgclr=&#8221;#e8e800&#8243;][\/vc_column_inner][vc_column_inner width=&#8221;1\/3&#8243;][vc_custom_heading text=&#8221;CORI \u00ae Gal&#8221; font_container=&#8221;tag:h5|text_align:center|color:%23000156&#8243; use_theme_fonts=&#8221;yes&#8221;][interective_banner effects=&#8221;effect-bubba&#8221; url=&#8221;#&#8221; title=&#8221;METAL RINGS, HOOKS, CLAMPS&#8221; titlesize=&#8221;26px&#8221; desc=&#8221;D-ring<br \/>\nwire frame<br \/>\nbuckles \/ regulators<br \/>\ncarabiner snap hooks&#8221; clr=&#8221;#ffffff&#8221; image_id=&#8221;30140&#8243; height=&#8221;300&#8243; bgclr=&#8221;#757575&#8243;][\/vc_column_inner][vc_column_inner width=&#8221;1\/3&#8243;][vc_custom_heading text=&#8221;CORI \u00ae Camp&#8221; font_container=&#8221;tag:h5|text_align:center|color:%23000156&#8243; use_theme_fonts=&#8221;yes&#8221;][interective_banner effects=&#8221;effect-bubba&#8221; url=&#8221;#&#8221; title=&#8221;CAMPING ARTICLES&#8221; titlesize=&#8221;26px&#8221; desc=&#8221;frames for caravan awnings, tents &#8211; steel and aluminium<br \/>\npoles, pole sortyment to end and connect<br \/>\nequipment for tents and caravan awnings &#8211; pins, pegs, pulling ropes, tighteners<br \/>\ntent impregnants &#8211; waterproof spray, seam sealer&#8221; clr=&#8221;#ffffff&#8221; image_id=&#8221;29299&#8243; height=&#8221;300&#8243; bgclr=&#8221;#056800&#8243;][\/vc_column_inner][\/vc_row_inner][vc_empty_space height=&#8221;35px&#8221;][vc_separator color=&#8221;custom&#8221; accent_color=&#8221;#000156&#8243;][vc_empty_space height=&#8221;20px&#8221;][vc_row_inner gap=&#8221;10&#8243;][vc_column_inner width=&#8221;1\/3&#8243;][vc_custom_heading text=&#8221;CORI \u00ae BackFrame&#8221; font_container=&#8221;tag:h5|text_align:center|color:%23000156&#8243; use_theme_fonts=&#8221;yes&#8221;][interective_banner effects=&#8221;effect-bubba&#8221; url=&#8221;#&#8221; title=&#8221;BACKPACK FRAMES&#8221; titlesize=&#8221;26px&#8221; desc=&#8221;backpack external aluminium pole frames<br \/>\ninternal aluminium and steel stiffeners for backpack, bags and orthopaedic sortiment<br \/>\nelements to fasten backpack to the frame<br \/>\nmetal equipment for military and scout backpacks&#8221; clr=&#8221;#ffffff&#8221; image_id=&#8221;30334&#8243; height=&#8221;300&#8243; bgclr=&#8221;#0015ba&#8221;][\/vc_column_inner][vc_column_inner width=&#8221;1\/3&#8243;][vc_custom_heading text=&#8221;CORI \u00ae Ad&#8221; font_container=&#8221;tag:h5|text_align:center|color:%23000156&#8243; use_theme_fonts=&#8221;yes&#8221;][interective_banner effects=&#8221;effect-bubba&#8221; url=&#8221;#&#8221; title=&#8221;DISPLAYS &#8211; ADVERT FRAMES&#8221; titlesize=&#8221;26px&#8221; desc=&#8221;pole flag system &#8211; winder \/ batfun \/ beach flag<br \/>\npole advert construction \/ table tennis band<br \/>\nbannerfastening sticks&#8221; clr=&#8221;#ffffff&#8221; image_id=&#8221;29302&#8243; height=&#8221;300&#8243; bgclr=&#8221;#e50000&#8243;][\/vc_column_inner][vc_column_inner width=&#8221;1\/3&#8243;][vc_custom_heading text=&#8221;CORI \u00ae PWM&#8221; font_container=&#8221;tag:h5|text_align:center|color:%23000156&#8243; use_theme_fonts=&#8221;yes&#8221;][interective_banner effects=&#8221;effect-bubba&#8221; url=&#8221;#&#8221; title=&#8221;SPECIAL PRODUCTION&#8221; titlesize=&#8221;26px&#8221; desc=&#8221;bent-wire products<br \/>\nboat-tubbing &#8211; aluminium and stainless steel<br \/>\nspecial production on power press&#8221; clr=&#8221;#ffffff&#8221; image_id=&#8221;30338&#8243; height=&#8221;300&#8243; bgclr=&#8221;#000000&#8243;][\/vc_column_inner][\/vc_row_inner][\/vc_column][\/vc_row]<\/p>\n","protected":false},"excerpt":{"rendered":"<p>[vc_row full_width=&#8221;stretch_row_content_no_spaces&#8221;][vc_column][vc_column_text css=&#8221;.vc_custom_1504517447008{margin-right: 50px !important;margin-left: 50px !important;}&#8221;] Our company CORI-PWM \u00ae was founded in Lodz in 1991. We specialize in&#8230;<\/p>\n","protected":false},"author":3,"featured_media":0,"parent":0,"menu_order":0,"comment_status":"closed","ping_status":"closed","template":"","meta":{"_exactmetrics_skip_tracking":false,"_exactmetrics_sitenote_active":false,"_exactmetrics_sitenote_note":"","_exactmetrics_sitenote_category":0,"footnotes":""},"class_list":["post-30150","page","type-page","status-publish","hentry"],"yoast_head":"<!-- This site is optimized with the Yoast SEO plugin v25.2 - https:\/\/yoast.com\/wordpress\/plugins\/seo\/ -->\n<title>About Us - CORI<\/title>\n<meta name=\"robots\" content=\"index, follow, max-snippet:-1, max-image-preview:large, max-video-preview:-1\" \/>\n<link rel=\"canonical\" href=\"https:\/\/cori-pwm.pl\/o-nas\/\" \/>\n<meta property=\"og:locale\" content=\"en_US\" \/>\n<meta property=\"og:type\" content=\"article\" \/>\n<meta property=\"og:title\" content=\"About Us - CORI\" \/>\n<meta property=\"og:description\" content=\"[vc_row full_width=&#8221;stretch_row_content_no_spaces&#8221;][vc_column][vc_column_text css=&#8221;.vc_custom_1504517447008{margin-right: 50px !important;margin-left: 50px !important;}&#8221;] Our company CORI-PWM \u00ae was founded in Lodz in 1991. We specialize in...\" \/>\n<meta property=\"og:url\" content=\"https:\/\/cori-pwm.pl\/o-nas\/\" \/>\n<meta property=\"og:site_name\" content=\"CORI\" \/>\n<meta property=\"article:modified_time\" content=\"2017-10-05T12:21:39+00:00\" \/>\n<meta name=\"twitter:card\" content=\"summary_large_image\" \/>\n<meta name=\"twitter:label1\" content=\"Est. reading time\" \/>\n\t<meta name=\"twitter:data1\" content=\"3 minutes\" \/>\n<script type=\"application\/ld+json\" class=\"yoast-schema-graph\">{\"@context\":\"https:\/\/schema.org\",\"@graph\":[{\"@type\":\"WebPage\",\"@id\":\"https:\/\/cori-pwm.pl\/o-nas\/\",\"url\":\"https:\/\/cori-pwm.pl\/o-nas\/\",\"name\":\"About Us - CORI\",\"isPartOf\":{\"@id\":\"https:\/\/cori-pwm.pl\/#website\"},\"datePublished\":\"2017-08-04T12:57:12+00:00\",\"dateModified\":\"2017-10-05T12:21:39+00:00\",\"breadcrumb\":{\"@id\":\"https:\/\/cori-pwm.pl\/o-nas\/#breadcrumb\"},\"inLanguage\":\"en-US\",\"potentialAction\":[{\"@type\":\"ReadAction\",\"target\":[\"https:\/\/cori-pwm.pl\/o-nas\/\"]}]},{\"@type\":\"BreadcrumbList\",\"@id\":\"https:\/\/cori-pwm.pl\/o-nas\/#breadcrumb\",\"itemListElement\":[{\"@type\":\"ListItem\",\"position\":1,\"name\":\"Strona g\u0142\u00f3wna\",\"item\":\"https:\/\/cori-pwm.pl\/en\/\"},{\"@type\":\"ListItem\",\"position\":2,\"name\":\"About Us\"}]},{\"@type\":\"WebSite\",\"@id\":\"https:\/\/cori-pwm.pl\/#website\",\"url\":\"https:\/\/cori-pwm.pl\/\",\"name\":\"CORI\",\"description\":\"CORI-PWM \/ Producent wyrob\u00f3w metalowych \/ CORI \u00ae Eyelet: oczka banerowe, oczka plandekowe, oczka metalowe do \u017cagli, kaletnictwa, zas\u0142on, kotar, okuwacze, zakuwaki, wycinaki, oczkarki, okucia plandekowe, zapi\u0119cia zatrzaskowe TENAX \/ LOXX; CORI \u00ae Gal: galanteria metalowa - ramki, p\u00f3\u0142k\u00f3\u0142ka, D-ring z drutu, klamry, regulatory, karabi\u0144czyki; CORI \u00ae Camp: stela\u017ce przedsionk\u00f3w przyczep kempingowych, stela\u017ce namiot\u00f3w, \u015bledzie namiotowe, szpilki namiotowe; CORI \u00ae BackFrame: stela\u017ce plecak\u00f3w; CORI \u00ae Ad: maszty flag, stela\u017ce reklamowe; CORI \u00ae PWM: produkcja specjalna - wyroby gi\u0119te z drutu, konstrukcje \u017ceglarskie z rur - bimini, szprycbudy, relingi, us\u0142ugowa produkcja na prasach. Zapraszamy.\",\"potentialAction\":[{\"@type\":\"SearchAction\",\"target\":{\"@type\":\"EntryPoint\",\"urlTemplate\":\"https:\/\/cori-pwm.pl\/?s={search_term_string}\"},\"query-input\":{\"@type\":\"PropertyValueSpecification\",\"valueRequired\":true,\"valueName\":\"search_term_string\"}}],\"inLanguage\":\"en-US\"}]}<\/script>\n<!-- \/ Yoast SEO plugin. -->","yoast_head_json":{"title":"About Us - CORI","robots":{"index":"index","follow":"follow","max-snippet":"max-snippet:-1","max-image-preview":"max-image-preview:large","max-video-preview":"max-video-preview:-1"},"canonical":"https:\/\/cori-pwm.pl\/o-nas\/","og_locale":"en_US","og_type":"article","og_title":"About Us - CORI","og_description":"[vc_row full_width=&#8221;stretch_row_content_no_spaces&#8221;][vc_column][vc_column_text css=&#8221;.vc_custom_1504517447008{margin-right: 50px !important;margin-left: 50px !important;}&#8221;] Our company CORI-PWM \u00ae was founded in Lodz in 1991. We specialize in...","og_url":"https:\/\/cori-pwm.pl\/o-nas\/","og_site_name":"CORI","article_modified_time":"2017-10-05T12:21:39+00:00","twitter_card":"summary_large_image","twitter_misc":{"Est. reading time":"3 minutes"},"schema":{"@context":"https:\/\/schema.org","@graph":[{"@type":"WebPage","@id":"https:\/\/cori-pwm.pl\/o-nas\/","url":"https:\/\/cori-pwm.pl\/o-nas\/","name":"About Us - CORI","isPartOf":{"@id":"https:\/\/cori-pwm.pl\/#website"},"datePublished":"2017-08-04T12:57:12+00:00","dateModified":"2017-10-05T12:21:39+00:00","breadcrumb":{"@id":"https:\/\/cori-pwm.pl\/o-nas\/#breadcrumb"},"inLanguage":"en-US","potentialAction":[{"@type":"ReadAction","target":["https:\/\/cori-pwm.pl\/o-nas\/"]}]},{"@type":"BreadcrumbList","@id":"https:\/\/cori-pwm.pl\/o-nas\/#breadcrumb","itemListElement":[{"@type":"ListItem","position":1,"name":"Strona g\u0142\u00f3wna","item":"https:\/\/cori-pwm.pl\/en\/"},{"@type":"ListItem","position":2,"name":"About Us"}]},{"@type":"WebSite","@id":"https:\/\/cori-pwm.pl\/#website","url":"https:\/\/cori-pwm.pl\/","name":"CORI","description":"CORI-PWM \/ Producent wyrob\u00f3w metalowych \/ CORI \u00ae Eyelet: oczka banerowe, oczka plandekowe, oczka metalowe do \u017cagli, kaletnictwa, zas\u0142on, kotar, okuwacze, zakuwaki, wycinaki, oczkarki, okucia plandekowe, zapi\u0119cia zatrzaskowe TENAX \/ LOXX; CORI \u00ae Gal: galanteria metalowa - ramki, p\u00f3\u0142k\u00f3\u0142ka, D-ring z drutu, klamry, regulatory, karabi\u0144czyki; CORI \u00ae Camp: stela\u017ce przedsionk\u00f3w przyczep kempingowych, stela\u017ce namiot\u00f3w, \u015bledzie namiotowe, szpilki namiotowe; CORI \u00ae BackFrame: stela\u017ce plecak\u00f3w; CORI \u00ae Ad: maszty flag, stela\u017ce reklamowe; CORI \u00ae PWM: produkcja specjalna - wyroby gi\u0119te z drutu, konstrukcje \u017ceglarskie z rur - bimini, szprycbudy, relingi, us\u0142ugowa produkcja na prasach. Zapraszamy.","potentialAction":[{"@type":"SearchAction","target":{"@type":"EntryPoint","urlTemplate":"https:\/\/cori-pwm.pl\/?s={search_term_string}"},"query-input":{"@type":"PropertyValueSpecification","valueRequired":true,"valueName":"search_term_string"}}],"inLanguage":"en-US"}]}},"_links":{"self":[{"href":"https:\/\/cori-pwm.pl\/en\/wp-json\/wp\/v2\/pages\/30150"}],"collection":[{"href":"https:\/\/cori-pwm.pl\/en\/wp-json\/wp\/v2\/pages"}],"about":[{"href":"https:\/\/cori-pwm.pl\/en\/wp-json\/wp\/v2\/types\/page"}],"author":[{"embeddable":true,"href":"https:\/\/cori-pwm.pl\/en\/wp-json\/wp\/v2\/users\/3"}],"replies":[{"embeddable":true,"href":"https:\/\/cori-pwm.pl\/en\/wp-json\/wp\/v2\/comments?post=30150"}],"version-history":[{"count":5,"href":"https:\/\/cori-pwm.pl\/en\/wp-json\/wp\/v2\/pages\/30150\/revisions"}],"predecessor-version":[{"id":30384,"href":"https:\/\/cori-pwm.pl\/en\/wp-json\/wp\/v2\/pages\/30150\/revisions\/30384"}],"wp:attachment":[{"href":"https:\/\/cori-pwm.pl\/en\/wp-json\/wp\/v2\/media?parent=30150"}],"curies":[{"name":"wp","href":"https:\/\/api.w.org\/{rel}","templated":true}]}}